{"id":113,"date":"2019-04-25T07:30:34","date_gmt":"2019-04-25T05:30:34","guid":{"rendered":"https:\/\/prasiva2019.prorodiny.cz\/?page_id=113"},"modified":"2019-04-25T07:52:38","modified_gmt":"2019-04-25T05:52:38","slug":"prasiva-2019","status":"publish","type":"page","link":"https:\/\/prasiva2019.prorodiny.cz\/","title":{"rendered":"Pra\u0161iv\u00e1 2019"},"content":{"rendered":"<div class=\"pt-cv-wrapper\"><div class=\"pt-cv-view pt-cv-grid pt-cv-colsys\" id=\"pt-cv-view-5b4d7bacnv\"><div data-id=\"pt-cv-page-1\" class=\"pt-cv-page\" data-cvc=\"3\"><div class=\"col-md-4 col-sm-12 col-xs-12 pt-cv-content-item pt-cv-1-col\" ><div class='pt-cv-ifield'><a href=\"https:\/\/prasiva2019.prorodiny.cz\/?p=453\" class=\"_self pt-cv-href-thumbnail pt-cv-thumb-default\" target=\"_self\"><img width=\"300\" height=\"200\" src=\"https:\/\/prasiva2019.prorodiny.cz\/wp-content\/uploads\/2019\/04\/Ivana-Bu\u017ekov\u00e1-3185-300x200.jpg\" class=\"pt-cv-thumbnail\" alt=\"\" loading=\"lazy\" srcset=\"https:\/\/prasiva2019.prorodiny.cz\/wp-content\/uploads\/2019\/04\/Ivana-Bu\u017ekov\u00e1-3185-300x200.jpg 300w, https:\/\/prasiva2019.prorodiny.cz\/wp-content\/uploads\/2019\/04\/Ivana-Bu\u017ekov\u00e1-3185-768x513.jpg 768w, https:\/\/prasiva2019.prorodiny.cz\/wp-content\/uploads\/2019\/04\/Ivana-Bu\u017ekov\u00e1-3185-1024x683.jpg 1024w\" sizes=\"(max-width: 300px) 100vw, 300px\" \/><\/a>\n<h4 class=\"pt-cv-title\"><a href=\"https:\/\/prasiva2019.prorodiny.cz\/?p=453\" class=\"_self\" target=\"_self\">Pra\u0161iv\u00e1 v roce 2020<\/a><\/h4>\n<div class=\"pt-cv-content\">Setk\u00e1n\u00ed d\u011bt\u00ed s\u00a0o. biskupem na Pra\u0161iv\u00e9 se v\u00a0roce 2020 neuskute\u010dn\u00ed Tradi\u010dn\u00ed setk\u00e1n\u00ed d\u011bt\u00ed s\u00a0o. biskupem dne 1. \u010dervence se v\u00a0roce ...<br \/><a href=\"https:\/\/prasiva2019.prorodiny.cz\/?p=453\" class=\"_self pt-cv-readmore btn btn-success\" target=\"_self\">Cel\u00fd \u010dl\u00e1nek<\/a><\/div><\/div><\/div>\n<div class=\"col-md-4 col-sm-12 col-xs-12 pt-cv-content-item pt-cv-1-col\" ><div class='pt-cv-ifield'><a href=\"https:\/\/prasiva2019.prorodiny.cz\/?p=428\" class=\"_self pt-cv-href-thumbnail pt-cv-thumb-default\" target=\"_self\"><img width=\"300\" height=\"198\" src=\"https:\/\/prasiva2019.prorodiny.cz\/wp-content\/uploads\/2019\/09\/20190701-JoCi-Pra\u0161iv\u00e1-IMG_5674-300x198.jpg\" class=\"pt-cv-thumbnail\" alt=\"\" loading=\"lazy\" srcset=\"https:\/\/prasiva2019.prorodiny.cz\/wp-content\/uploads\/2019\/09\/20190701-JoCi-Pra\u0161iv\u00e1-IMG_5674-300x198.jpg 300w, https:\/\/prasiva2019.prorodiny.cz\/wp-content\/uploads\/2019\/09\/20190701-JoCi-Pra\u0161iv\u00e1-IMG_5674-768x507.jpg 768w, https:\/\/prasiva2019.prorodiny.cz\/wp-content\/uploads\/2019\/09\/20190701-JoCi-Pra\u0161iv\u00e1-IMG_5674-1024x676.jpg 1024w\" sizes=\"(max-width: 300px) 100vw, 300px\" \/><\/a>\n<h4 class=\"pt-cv-title\"><a href=\"https:\/\/prasiva2019.prorodiny.cz\/?p=428\" class=\"_self\" target=\"_self\">D\u011btem se poda\u0159ilo \u201evymalovat\u201c a \u201evyb\u011bhat\u201c jednu novou studnu pro Haiti!<\/a><\/h4>\n<div class=\"pt-cv-content\">\"Kapka vody pro Haiti\u201c byl n\u00e1zev doprovodn\u00e9ho programu na podporu Praga-Haiti, \u010desk\u00e9 organizace, kter\u00e1 vrt\u00e1n\u00edm studn\u00ed na Haiti pom\u00e1h\u00e1 zajistit ...<br \/><a href=\"https:\/\/prasiva2019.prorodiny.cz\/?p=428\" class=\"_self pt-cv-readmore btn btn-success\" target=\"_self\">Cel\u00fd \u010dl\u00e1nek<\/a><\/div><\/div><\/div>\n<div class=\"col-md-4 col-sm-12 col-xs-12 pt-cv-content-item pt-cv-1-col\" ><div class='pt-cv-ifield'><a href=\"https:\/\/prasiva2019.prorodiny.cz\/?p=419\" class=\"_self pt-cv-href-thumbnail pt-cv-thumb-default\" target=\"_self\"><img width=\"300\" height=\"200\" src=\"https:\/\/prasiva2019.prorodiny.cz\/wp-content\/uploads\/2019\/07\/DSCN2541-300x200.jpg\" class=\"pt-cv-thumbnail\" alt=\"\" loading=\"lazy\" srcset=\"https:\/\/prasiva2019.prorodiny.cz\/wp-content\/uploads\/2019\/07\/DSCN2541-300x200.jpg 300w, https:\/\/prasiva2019.prorodiny.cz\/wp-content\/uploads\/2019\/07\/DSCN2541-768x512.jpg 768w, https:\/\/prasiva2019.prorodiny.cz\/wp-content\/uploads\/2019\/07\/DSCN2541-1024x682.jpg 1024w\" sizes=\"(max-width: 300px) 100vw, 300px\" \/><\/a>\n<h4 class=\"pt-cv-title\"><a href=\"https:\/\/prasiva2019.prorodiny.cz\/?p=419\" class=\"_self\" target=\"_self\">Kdo vyhr\u00e1l vodn\u00ed omalov\u00e1nky?<\/a><\/h4>\n<div class=\"pt-cv-content\">Z t\u011bch, kte\u0159\u00ed n\u00e1m poslali fotografie sv\u00fdch kapek do 25. 6. na kpc@doo.cz, jsme vylosovali t\u0159i, kte\u0159\u00ed obdr\u017e\u00ed kouzeln\u00e9 vodn\u00ed ...<br \/><a href=\"https:\/\/prasiva2019.prorodiny.cz\/?p=419\" class=\"_self pt-cv-readmore btn btn-success\" target=\"_self\">Cel\u00fd \u010dl\u00e1nek<\/a><\/div><\/div><\/div>\n<div class=\"col-md-4 col-sm-12 col-xs-12 pt-cv-content-item pt-cv-1-col\" ><div class='pt-cv-ifield'><a href=\"https:\/\/prasiva2019.prorodiny.cz\/?p=407\" class=\"_self pt-cv-href-thumbnail pt-cv-thumb-default\" target=\"_self\"><img width=\"300\" height=\"200\" src=\"https:\/\/prasiva2019.prorodiny.cz\/wp-content\/uploads\/2019\/07\/IMG_20190704_093446-\u2013-kopie-300x200.jpg\" class=\"pt-cv-thumbnail\" alt=\"\" loading=\"lazy\" srcset=\"https:\/\/prasiva2019.prorodiny.cz\/wp-content\/uploads\/2019\/07\/IMG_20190704_093446-\u2013-kopie-300x200.jpg 300w, https:\/\/prasiva2019.prorodiny.cz\/wp-content\/uploads\/2019\/07\/IMG_20190704_093446-\u2013-kopie-768x512.jpg 768w, https:\/\/prasiva2019.prorodiny.cz\/wp-content\/uploads\/2019\/07\/IMG_20190704_093446-\u2013-kopie-1024x682.jpg 1024w\" sizes=\"(max-width: 300px) 100vw, 300px\" \/><\/a>\n<h4 class=\"pt-cv-title\"><a href=\"https:\/\/prasiva2019.prorodiny.cz\/?p=407\" class=\"_self\" target=\"_self\">Ztr\u00e1ty a n\u00e1lezy z Pra\u0161iv\u00e9<\/a><\/h4>\n<div class=\"pt-cv-content\">Po setk\u00e1n\u00ed d\u011bt\u00ed na Pra\u0161iv\u00e9 n\u00e1m z\u016fstalo n\u011bkolik ztracen\u00fdch a zapomenut\u00fdch v\u011bc\u00ed. Pros\u00edme majitele, aby se o n\u011b p\u0159ihl\u00e1sili na ...<br \/><a href=\"https:\/\/prasiva2019.prorodiny.cz\/?p=407\" class=\"_self pt-cv-readmore btn btn-success\" target=\"_self\">Cel\u00fd \u010dl\u00e1nek<\/a><\/div><\/div><\/div>\n<div class=\"col-md-4 col-sm-12 col-xs-12 pt-cv-content-item pt-cv-1-col\" ><div class='pt-cv-ifield'><a href=\"https:\/\/prasiva2019.prorodiny.cz\/?p=334\" class=\"_self pt-cv-href-thumbnail pt-cv-thumb-default\" target=\"_self\"><img width=\"300\" height=\"200\" src=\"https:\/\/prasiva2019.prorodiny.cz\/wp-content\/uploads\/2019\/07\/DSC7796-300x200.jpg\" class=\"pt-cv-thumbnail\" alt=\"\" loading=\"lazy\" srcset=\"https:\/\/prasiva2019.prorodiny.cz\/wp-content\/uploads\/2019\/07\/DSC7796-300x200.jpg 300w, https:\/\/prasiva2019.prorodiny.cz\/wp-content\/uploads\/2019\/07\/DSC7796-768x513.jpg 768w, https:\/\/prasiva2019.prorodiny.cz\/wp-content\/uploads\/2019\/07\/DSC7796-1024x683.jpg 1024w\" sizes=\"(max-width: 300px) 100vw, 300px\" \/><\/a>\n<h4 class=\"pt-cv-title\"><a href=\"https:\/\/prasiva2019.prorodiny.cz\/?p=334\" class=\"_self\" target=\"_self\">Foto z Pra\u0161iv\u00e9<\/a><\/h4>\n<div class=\"pt-cv-content\">Ofici\u00e1ln\u00ed fotografie setk\u00e1n\u00ed Leto\u0161n\u00ed setk\u00e1n\u00ed d\u011bt\u00ed na Pra\u0161iv\u00e9 zachytil objektivem fotoapar\u00e1tu pan Josef Cinciala, kter\u00fd je \u010dlenem spole\u010denstv\u00ed fotograf\u016f \u010clov\u011bk ...<br \/><a href=\"https:\/\/prasiva2019.prorodiny.cz\/?p=334\" class=\"_self pt-cv-readmore btn btn-success\" target=\"_self\">Cel\u00fd \u010dl\u00e1nek<\/a><\/div><\/div><\/div>\n<div class=\"col-md-4 col-sm-12 col-xs-12 pt-cv-content-item pt-cv-1-col\" ><div class='pt-cv-ifield'><a href=\"https:\/\/prasiva2019.prorodiny.cz\/?p=330\" class=\"_self pt-cv-href-thumbnail pt-cv-thumb-default\" target=\"_self\"><img width=\"300\" height=\"200\" src=\"https:\/\/prasiva2019.prorodiny.cz\/wp-content\/uploads\/2019\/06\/IMG_5229-300x200.jpg\" class=\"pt-cv-thumbnail\" alt=\"\" loading=\"lazy\" srcset=\"https:\/\/prasiva2019.prorodiny.cz\/wp-content\/uploads\/2019\/06\/IMG_5229-300x200.jpg 300w, https:\/\/prasiva2019.prorodiny.cz\/wp-content\/uploads\/2019\/06\/IMG_5229-768x512.jpg 768w, https:\/\/prasiva2019.prorodiny.cz\/wp-content\/uploads\/2019\/06\/IMG_5229-1024x682.jpg 1024w\" sizes=\"(max-width: 300px) 100vw, 300px\" \/><\/a>\n<h4 class=\"pt-cv-title\"><a href=\"https:\/\/prasiva2019.prorodiny.cz\/?p=330\" class=\"_self\" target=\"_self\">P\u0159isp\u011bjte na Pra\u0161iv\u00e9 do pokladni\u010dek na podporu Praga-Haiti<\/a><\/h4>\n<div class=\"pt-cv-content\">Na Pra\u0161iv\u00e9 bude mo\u017enost p\u0159isp\u011bt do pokladni\u010dek ve\u0159ejn\u00e9 sb\u00edrky a podpo\u0159it \u010dinnost Praga-Haiti. Lid\u00e9 z Praga-Haiti buduj\u00ed studny s pitnou ...<br \/><a href=\"https:\/\/prasiva2019.prorodiny.cz\/?p=330\" class=\"_self pt-cv-readmore btn btn-success\" target=\"_self\">Cel\u00fd \u010dl\u00e1nek<\/a><\/div><\/div><\/div>\n<div class=\"col-md-4 col-sm-12 col-xs-12 pt-cv-content-item pt-cv-1-col\" ><div class='pt-cv-ifield'><a href=\"https:\/\/prasiva2019.prorodiny.cz\/?p=323\" class=\"_self pt-cv-href-thumbnail pt-cv-thumb-default\" target=\"_self\"><img width=\"300\" height=\"200\" src=\"https:\/\/prasiva2019.prorodiny.cz\/wp-content\/uploads\/2019\/06\/prasiva031-1-300x200.jpg\" class=\"pt-cv-thumbnail\" alt=\"\" loading=\"lazy\" srcset=\"https:\/\/prasiva2019.prorodiny.cz\/wp-content\/uploads\/2019\/06\/prasiva031-1-300x200.jpg 300w, https:\/\/prasiva2019.prorodiny.cz\/wp-content\/uploads\/2019\/06\/prasiva031-1-768x512.jpg 768w, https:\/\/prasiva2019.prorodiny.cz\/wp-content\/uploads\/2019\/06\/prasiva031-1-1024x683.jpg 1024w\" sizes=\"(max-width: 300px) 100vw, 300px\" \/><\/a>\n<h4 class=\"pt-cv-title\"><a href=\"https:\/\/prasiva2019.prorodiny.cz\/?p=323\" class=\"_self\" target=\"_self\">Po\u010das\u00ed v pond\u011bl\u00ed 1. 7.<\/a><\/h4>\n<div class=\"pt-cv-content\">Setk\u00e1n\u00ed d\u011bt\u00ed s otcem biskupem na Pra\u0161iv\u00e9 bude letos hork\u00e9, teploty se dostanou p\u0159es 30 stup\u0148\u016f. Nezapome\u0148te si proto pokr\u00fdvku ...<br \/><a href=\"https:\/\/prasiva2019.prorodiny.cz\/?p=323\" class=\"_self pt-cv-readmore btn btn-success\" target=\"_self\">Cel\u00fd \u010dl\u00e1nek<\/a><\/div><\/div><\/div>\n<div class=\"col-md-4 col-sm-12 col-xs-12 pt-cv-content-item pt-cv-1-col\" ><div class='pt-cv-ifield'><a href=\"https:\/\/prasiva2019.prorodiny.cz\/?p=317\" class=\"_self pt-cv-href-thumbnail pt-cv-thumb-default\" target=\"_self\"><img width=\"300\" height=\"200\" src=\"https:\/\/prasiva2019.prorodiny.cz\/wp-content\/uploads\/2019\/06\/V\u00fdst\u0159i\u017eek-1-300x200.jpg\" class=\"pt-cv-thumbnail\" alt=\"\" loading=\"lazy\" srcset=\"https:\/\/prasiva2019.prorodiny.cz\/wp-content\/uploads\/2019\/06\/V\u00fdst\u0159i\u017eek-1-300x200.jpg 300w, https:\/\/prasiva2019.prorodiny.cz\/wp-content\/uploads\/2019\/06\/V\u00fdst\u0159i\u017eek-1.jpg 745w\" sizes=\"(max-width: 300px) 100vw, 300px\" \/><\/a>\n<h4 class=\"pt-cv-title\"><a href=\"https:\/\/prasiva2019.prorodiny.cz\/?p=317\" class=\"_self\" target=\"_self\">Spolek Laudato Si letos na Pra\u0161iv\u00e9<\/a><\/h4>\n<div class=\"pt-cv-content\">V roce 2016 jsme uskute\u010dnili setk\u00e1n\u00ed d\u011bt\u00ed na Pra\u0161iv\u00e9 na motivy encykliky Laudato Si' pape\u017ee Franti\u0161ka o p\u00e9\u010di o n\u00e1\u0161 ...<br \/><a href=\"https:\/\/prasiva2019.prorodiny.cz\/?p=317\" class=\"_self pt-cv-readmore btn btn-success\" target=\"_self\">Cel\u00fd \u010dl\u00e1nek<\/a><\/div><\/div><\/div>\n<div class=\"col-md-4 col-sm-12 col-xs-12 pt-cv-content-item pt-cv-1-col\" ><div class='pt-cv-ifield'><a href=\"https:\/\/prasiva2019.prorodiny.cz\/?p=261\" class=\"_self pt-cv-href-thumbnail pt-cv-thumb-default\" target=\"_self\"><img width=\"300\" height=\"200\" src=\"https:\/\/prasiva2019.prorodiny.cz\/wp-content\/uploads\/2019\/06\/DSC_1520-300x200.jpg\" class=\"pt-cv-thumbnail\" alt=\"\" loading=\"lazy\" srcset=\"https:\/\/prasiva2019.prorodiny.cz\/wp-content\/uploads\/2019\/06\/DSC_1520-300x200.jpg 300w, https:\/\/prasiva2019.prorodiny.cz\/wp-content\/uploads\/2019\/06\/DSC_1520-768x512.jpg 768w, https:\/\/prasiva2019.prorodiny.cz\/wp-content\/uploads\/2019\/06\/DSC_1520-1024x683.jpg 1024w\" sizes=\"(max-width: 300px) 100vw, 300px\" \/><\/a>\n<h4 class=\"pt-cv-title\"><a href=\"https:\/\/prasiva2019.prorodiny.cz\/?p=261\" class=\"_self\" target=\"_self\">Stanovi\u0161t\u011b na Pra\u0161iv\u00e9<\/a><\/h4>\n<div class=\"pt-cv-content\">V odpoledn\u00edm programu bude na louce mezi kostelem sv. Anton\u00edna a turistickou chatou p\u0159ipraveno 26 stanovi\u0161\u0165, kde budou d\u011bti moci ...<br \/><a href=\"https:\/\/prasiva2019.prorodiny.cz\/?p=261\" class=\"_self pt-cv-readmore btn btn-success\" target=\"_self\">Cel\u00fd \u010dl\u00e1nek<\/a><\/div><\/div><\/div>\n<div class=\"col-md-4 col-sm-12 col-xs-12 pt-cv-content-item pt-cv-1-col\" ><div class='pt-cv-ifield'><a href=\"https:\/\/prasiva2019.prorodiny.cz\/?p=227\" class=\"_self pt-cv-href-thumbnail pt-cv-thumb-default\" target=\"_self\"><img width=\"300\" height=\"200\" src=\"https:\/\/prasiva2019.prorodiny.cz\/wp-content\/uploads\/2019\/06\/IMG_9179-300x200.jpg\" class=\"pt-cv-thumbnail\" alt=\"\" loading=\"lazy\" srcset=\"https:\/\/prasiva2019.prorodiny.cz\/wp-content\/uploads\/2019\/06\/IMG_9179-300x200.jpg 300w, https:\/\/prasiva2019.prorodiny.cz\/wp-content\/uploads\/2019\/06\/IMG_9179-768x512.jpg 768w, https:\/\/prasiva2019.prorodiny.cz\/wp-content\/uploads\/2019\/06\/IMG_9179-1024x682.jpg 1024w, https:\/\/prasiva2019.prorodiny.cz\/wp-content\/uploads\/2019\/06\/IMG_9179.jpg 1312w\" sizes=\"(max-width: 300px) 100vw, 300px\" \/><\/a>\n<h4 class=\"pt-cv-title\"><a href=\"https:\/\/prasiva2019.prorodiny.cz\/?p=227\" class=\"_self\" target=\"_self\">Parkov\u00e1n\u00ed u are\u00e1lu Kamenit\u00e9<\/a><\/h4>\n<div class=\"pt-cv-content\">Zde najdete informace o parkov\u00e1n\u00ed u are\u00e1lu Kamenit\u00e9 pro autobusy i osobn\u00ed automobily. Autobusy parkuj\u00ed na parkovi\u0161ti u restaurace Harenda ...<br \/><a href=\"https:\/\/prasiva2019.prorodiny.cz\/?p=227\" class=\"_self pt-cv-readmore btn btn-success\" target=\"_self\">Cel\u00fd \u010dl\u00e1nek<\/a><\/div><\/div><\/div>\n<div class=\"col-md-4 col-sm-12 col-xs-12 pt-cv-content-item pt-cv-1-col\" ><div class='pt-cv-ifield'><a href=\"https:\/\/prasiva2019.prorodiny.cz\/?p=219\" class=\"_self pt-cv-href-thumbnail pt-cv-thumb-default\" target=\"_self\"><img width=\"300\" height=\"98\" src=\"https:\/\/prasiva2019.prorodiny.cz\/wp-content\/uploads\/2019\/06\/ms-kraj_logo-300x98.png\" class=\"pt-cv-thumbnail\" alt=\"\" loading=\"lazy\" \/><\/a>\n<h4 class=\"pt-cv-title\"><a href=\"https:\/\/prasiva2019.prorodiny.cz\/?p=219\" class=\"_self\" target=\"_self\">Moravskoslezsk\u00fd kraj podpo\u0159il setk\u00e1n\u00ed d\u011bt\u00ed na Pra\u0161iv\u00e9<\/a><\/h4>\n<div class=\"pt-cv-content\">Setk\u00e1n\u00ed d\u011bt\u00ed na Pra\u0161iv\u00e9 bylo podpo\u0159eno z rozpo\u010dtu Moravskoslezsk\u00e9ho kraje. V\u00edce informac\u00ed naleznete zde: Moravskoslezsk\u00fd kraj podpo\u0159il Setk\u00e1n\u00ed d\u011bt\u00ed a ...<br \/><a href=\"https:\/\/prasiva2019.prorodiny.cz\/?p=219\" class=\"_self pt-cv-readmore btn btn-success\" target=\"_self\">Cel\u00fd \u010dl\u00e1nek<\/a><\/div><\/div><\/div>\n<div class=\"col-md-4 col-sm-12 col-xs-12 pt-cv-content-item pt-cv-1-col\" ><div class='pt-cv-ifield'><a href=\"https:\/\/prasiva2019.prorodiny.cz\/?p=213\" class=\"_self pt-cv-href-thumbnail pt-cv-thumb-default\" target=\"_self\"><img width=\"300\" height=\"200\" src=\"https:\/\/prasiva2019.prorodiny.cz\/wp-content\/uploads\/2019\/06\/V\u00fdst\u0159i\u017eek-300x200.jpg\" class=\"pt-cv-thumbnail\" alt=\"\" loading=\"lazy\" srcset=\"https:\/\/prasiva2019.prorodiny.cz\/wp-content\/uploads\/2019\/06\/V\u00fdst\u0159i\u017eek-300x200.jpg 300w, https:\/\/prasiva2019.prorodiny.cz\/wp-content\/uploads\/2019\/06\/V\u00fdst\u0159i\u017eek-768x512.jpg 768w, https:\/\/prasiva2019.prorodiny.cz\/wp-content\/uploads\/2019\/06\/V\u00fdst\u0159i\u017eek.jpg 1018w\" sizes=\"(max-width: 300px) 100vw, 300px\" \/><\/a>\n<h4 class=\"pt-cv-title\"><a href=\"https:\/\/prasiva2019.prorodiny.cz\/?p=213\" class=\"_self\" target=\"_self\">Videopozv\u00e1nka: Ka\u017ed\u00e1 kapka vody je vz\u00e1cn\u00e1!<\/a><\/h4>\n<div class=\"pt-cv-content\">P\u0159ipravili jsme pro v\u00e1s video o tom, \u017ee ka\u017ed\u00e1 kapka vody je vz\u00e1cn\u00e1! \u00da\u010dinkuj\u00ed: \u010cupr d\u011bti z Brou\u010dk\u016f, Zuzanka a ...<br \/><a href=\"https:\/\/prasiva2019.prorodiny.cz\/?p=213\" class=\"_self pt-cv-readmore btn btn-success\" target=\"_self\">Cel\u00fd \u010dl\u00e1nek<\/a><\/div><\/div><\/div>\n<div class=\"col-md-4 col-sm-12 col-xs-12 pt-cv-content-item pt-cv-1-col\" ><div class='pt-cv-ifield'><a href=\"https:\/\/prasiva2019.prorodiny.cz\/?p=200\" class=\"_self pt-cv-href-thumbnail pt-cv-thumb-default\" target=\"_self\"><img width=\"300\" height=\"199\" src=\"https:\/\/prasiva2019.prorodiny.cz\/wp-content\/uploads\/2019\/05\/201630-1-300x199.jpg\" class=\"pt-cv-thumbnail\" alt=\"\" loading=\"lazy\" srcset=\"https:\/\/prasiva2019.prorodiny.cz\/wp-content\/uploads\/2019\/05\/201630-1-300x199.jpg 300w, https:\/\/prasiva2019.prorodiny.cz\/wp-content\/uploads\/2019\/05\/201630-1.jpg 304w\" sizes=\"(max-width: 300px) 100vw, 300px\" \/><\/a>\n<h4 class=\"pt-cv-title\"><a href=\"https:\/\/prasiva2019.prorodiny.cz\/?p=200\" class=\"_self\" target=\"_self\">Jak funguje hygiena rukou na Haiti?<\/a><\/h4>\n<div class=\"pt-cv-content\">\u010cist\u00e9 ruce. V na\u0161\u00ed zemi banalita, kterou si ani neuv\u011bdomujeme. Pokud m\u00e1me ruce \u0161pinav\u00e9, ale t\u0159eba jen ulepen\u00e9 nebo zpocen\u00e9, ...<br \/><a href=\"https:\/\/prasiva2019.prorodiny.cz\/?p=200\" class=\"_self pt-cv-readmore btn btn-success\" target=\"_self\">Cel\u00fd \u010dl\u00e1nek<\/a><\/div><\/div><\/div>\n<div class=\"col-md-4 col-sm-12 col-xs-12 pt-cv-content-item pt-cv-1-col\" ><div class='pt-cv-ifield'><a href=\"https:\/\/prasiva2019.prorodiny.cz\/?p=195\" class=\"_self pt-cv-href-thumbnail pt-cv-thumb-default\" target=\"_self\"><img width=\"300\" height=\"200\" src=\"https:\/\/prasiva2019.prorodiny.cz\/wp-content\/uploads\/2019\/05\/201610-300x200.jpg\" class=\"pt-cv-thumbnail\" alt=\"\" loading=\"lazy\" srcset=\"https:\/\/prasiva2019.prorodiny.cz\/wp-content\/uploads\/2019\/05\/201610-300x200.jpg 300w, https:\/\/prasiva2019.prorodiny.cz\/wp-content\/uploads\/2019\/05\/201610-768x512.jpg 768w, https:\/\/prasiva2019.prorodiny.cz\/wp-content\/uploads\/2019\/05\/201610.jpg 798w\" sizes=\"(max-width: 300px) 100vw, 300px\" \/><\/a>\n<h4 class=\"pt-cv-title\"><a href=\"https:\/\/prasiva2019.prorodiny.cz\/?p=195\" class=\"_self\" target=\"_self\">Jak se chod\u00ed pro vodu na Haiti<\/a><\/h4>\n<div class=\"pt-cv-content\">Lid\u00e9 na venkov\u011b chod\u00ed pro vodu b\u011b\u017en\u011b i n\u011bkolik hodin. Up\u0159ednost\u0148uj\u00ed jakost vody p\u0159ed vzd\u00e1lenost\u00ed. Ani to v\u0161ak neznamen\u00e1, \u017ee ...<br \/><a href=\"https:\/\/prasiva2019.prorodiny.cz\/?p=195\" class=\"_self pt-cv-readmore btn btn-success\" target=\"_self\">Cel\u00fd \u010dl\u00e1nek<\/a><\/div><\/div><\/div>\n<div class=\"col-md-4 col-sm-12 col-xs-12 pt-cv-content-item pt-cv-1-col\" ><div class='pt-cv-ifield'><a href=\"https:\/\/prasiva2019.prorodiny.cz\/?p=171\" class=\"_self pt-cv-href-thumbnail pt-cv-thumb-default\" target=\"_self\"><img width=\"300\" height=\"200\" src=\"https:\/\/prasiva2019.prorodiny.cz\/wp-content\/uploads\/2019\/04\/mise-2017-podzim26-300x200.jpg\" class=\"pt-cv-thumbnail\" alt=\"\" loading=\"lazy\" srcset=\"https:\/\/prasiva2019.prorodiny.cz\/wp-content\/uploads\/2019\/04\/mise-2017-podzim26-300x200.jpg 300w, https:\/\/prasiva2019.prorodiny.cz\/wp-content\/uploads\/2019\/04\/mise-2017-podzim26-768x512.jpg 768w, https:\/\/prasiva2019.prorodiny.cz\/wp-content\/uploads\/2019\/04\/mise-2017-podzim26.jpg 798w\" sizes=\"(max-width: 300px) 100vw, 300px\" \/><\/a>\n<h4 class=\"pt-cv-title\"><a href=\"https:\/\/prasiva2019.prorodiny.cz\/?p=171\" class=\"_self\" target=\"_self\">Praga-Haiti se p\u0159edstavuje<\/a><\/h4>\n<div class=\"pt-cv-content\">Letos v kv\u011btnu je to deset od chv\u00edle, kdy na Haiti dorazila prvn\u00ed \u010desk\u00e1 pragovka \u2013 n\u00e1kladn\u00ed v\u016fz Praga V3S ...<br \/><a href=\"https:\/\/prasiva2019.prorodiny.cz\/?p=171\" class=\"_self pt-cv-readmore btn btn-success\" target=\"_self\">Cel\u00fd \u010dl\u00e1nek<\/a><\/div><\/div><\/div>\n<div class=\"col-md-4 col-sm-12 col-xs-12 pt-cv-content-item pt-cv-1-col\" ><div class='pt-cv-ifield'><a href=\"https:\/\/prasiva2019.prorodiny.cz\/?p=83\" class=\"_self pt-cv-href-thumbnail pt-cv-thumb-default\" target=\"_self\"><img width=\"300\" height=\"200\" src=\"https:\/\/prasiva2019.prorodiny.cz\/wp-content\/uploads\/2019\/04\/Obr\u00e1zek2-300x200.png\" class=\"pt-cv-thumbnail\" alt=\"\" loading=\"lazy\" srcset=\"https:\/\/prasiva2019.prorodiny.cz\/wp-content\/uploads\/2019\/04\/Obr\u00e1zek2-300x200.png 300w, https:\/\/prasiva2019.prorodiny.cz\/wp-content\/uploads\/2019\/04\/Obr\u00e1zek2-768x512.png 768w, https:\/\/prasiva2019.prorodiny.cz\/wp-content\/uploads\/2019\/04\/Obr\u00e1zek2.png 934w\" sizes=\"(max-width: 300px) 100vw, 300px\" \/><\/a>\n<h4 class=\"pt-cv-title\"><a href=\"https:\/\/prasiva2019.prorodiny.cz\/?p=83\" class=\"_self\" target=\"_self\">Kapka vody pro Haiti<\/a><\/h4>\n<div class=\"pt-cv-content\">Namaluj nebo napi\u0161, co vid\u011bla kapka vody u v\u00e1s doma nebo ve va\u0161em m\u011bst\u011b! Tady je \u0161ablona pro vytisknut\u00ed a ...<br \/><a href=\"https:\/\/prasiva2019.prorodiny.cz\/?p=83\" class=\"_self pt-cv-readmore btn btn-success\" target=\"_self\">Cel\u00fd \u010dl\u00e1nek<\/a><\/div><\/div><\/div>\n<div class=\"col-md-4 col-sm-12 col-xs-12 pt-cv-content-item pt-cv-1-col\" ><div class='pt-cv-ifield'><a href=\"https:\/\/prasiva2019.prorodiny.cz\/?p=107\" class=\"_self pt-cv-href-thumbnail pt-cv-thumb-default\" target=\"_self\"><img width=\"300\" height=\"200\" src=\"https:\/\/prasiva2019.prorodiny.cz\/wp-content\/uploads\/2019\/04\/DSCN2498-1-300x200.jpg\" class=\"pt-cv-thumbnail\" alt=\"\" loading=\"lazy\" srcset=\"https:\/\/prasiva2019.prorodiny.cz\/wp-content\/uploads\/2019\/04\/DSCN2498-1-300x200.jpg 300w, https:\/\/prasiva2019.prorodiny.cz\/wp-content\/uploads\/2019\/04\/DSCN2498-1-768x512.jpg 768w, https:\/\/prasiva2019.prorodiny.cz\/wp-content\/uploads\/2019\/04\/DSCN2498-1-1024x682.jpg 1024w\" sizes=\"(max-width: 300px) 100vw, 300px\" \/><\/a>\n<h4 class=\"pt-cv-title\"><a href=\"https:\/\/prasiva2019.prorodiny.cz\/?p=107\" class=\"_self\" target=\"_self\">Program<\/a><\/h4>\n<div class=\"pt-cv-content\">Are\u00e1l Kamenit\u00e9\u00a0(mapa) 10.00 Zah\u00e1jen\u00ed a \u00favodn\u00ed program 10.45 M\u0161e svat\u00e1 11.45 \u010cas na sva\u010dinu, p\u011b\u0161\u00ed v\u00fdstup ke kostel\u00edku sv. Anton\u00edna ...<br \/><a href=\"https:\/\/prasiva2019.prorodiny.cz\/?p=107\" class=\"_self pt-cv-readmore btn btn-success\" target=\"_self\">Cel\u00fd \u010dl\u00e1nek<\/a><\/div><\/div><\/div>\n<div class=\"col-md-4 col-sm-12 col-xs-12 pt-cv-content-item pt-cv-1-col\" ><div class='pt-cv-ifield'><a href=\"https:\/\/prasiva2019.prorodiny.cz\/?p=138\" class=\"_self pt-cv-href-thumbnail pt-cv-thumb-default\" target=\"_self\"><img width=\"300\" height=\"200\" src=\"https:\/\/prasiva2019.prorodiny.cz\/wp-content\/uploads\/2019\/04\/IMG_5403-300x200.jpg\" class=\"pt-cv-thumbnail\" alt=\"\" loading=\"lazy\" srcset=\"https:\/\/prasiva2019.prorodiny.cz\/wp-content\/uploads\/2019\/04\/IMG_5403-300x200.jpg 300w, https:\/\/prasiva2019.prorodiny.cz\/wp-content\/uploads\/2019\/04\/IMG_5403-768x512.jpg 768w, https:\/\/prasiva2019.prorodiny.cz\/wp-content\/uploads\/2019\/04\/IMG_5403-1024x683.jpg 1024w\" sizes=\"(max-width: 300px) 100vw, 300px\" \/><\/a>\n<h4 class=\"pt-cv-title\"><a href=\"https:\/\/prasiva2019.prorodiny.cz\/?p=138\" class=\"_self\" target=\"_self\">Za pramenem vody \u017eiv\u00e9 vyd\u00e1me se na Pra\u0161iv\u00e9<\/a><\/h4>\n<div class=\"pt-cv-content\">Zveme v\u0161echny holky a kluky, ale tak\u00e9 rodi\u010de, prarodi\u010de, pan\u00ed katechetky a kn\u011bze, aby v pond\u011bl\u00ed 1. \u010dervence p\u0159ijeli do ...<br \/><a href=\"https:\/\/prasiva2019.prorodiny.cz\/?p=138\" class=\"_self pt-cv-readmore btn btn-success\" target=\"_self\">Cel\u00fd \u010dl\u00e1nek<\/a><\/div><\/div><\/div><\/div><\/div><\/div>\n","protected":false},"excerpt":{"rendered":"","protected":false},"author":1,"featured_media":0,"parent":0,"menu_order":0,"comment_status":"closed","ping_status":"closed","template":"","meta":[],"_links":{"self":[{"href":"https:\/\/prasiva2019.prorodiny.cz\/index.php?rest_route=\/wp\/v2\/pages\/113"}],"collection":[{"href":"https:\/\/prasiva2019.prorodiny.cz\/index.php?rest_route=\/wp\/v2\/pages"}],"about":[{"href":"https:\/\/prasiva2019.prorodiny.cz\/index.php?rest_route=\/wp\/v2\/types\/page"}],"author":[{"embeddable":true,"href":"https:\/\/prasiva2019.prorodiny.cz\/index.php?rest_route=\/wp\/v2\/users\/1"}],"replies":[{"embeddable":true,"href":"https:\/\/prasiva2019.prorodiny.cz\/index.php?rest_route=%2Fwp%2Fv2%2Fcomments&post=113"}],"version-history":[{"count":3,"href":"https:\/\/prasiva2019.prorodiny.cz\/index.php?rest_route=\/wp\/v2\/pages\/113\/revisions"}],"predecessor-version":[{"id":118,"href":"https:\/\/prasiva2019.prorodiny.cz\/index.php?rest_route=\/wp\/v2\/pages\/113\/revisions\/118"}],"wp:attachment":[{"href":"https:\/\/prasiva2019.prorodiny.cz\/index.php?rest_route=%2Fwp%2Fv2%2Fmedia&parent=113"}],"curies":[{"name":"wp","href":"https:\/\/api.w.org\/{rel}","templated":true}]}}